{"id":67,"date":"2021-05-20T04:35:07","date_gmt":"2021-05-20T04:35:07","guid":{"rendered":"https:\/\/agency-assist.vn\/parts\/?page_id=67"},"modified":"2023-02-08T12:27:03","modified_gmt":"2023-02-08T03:27:03","slug":"achievements","status":"publish","type":"page","link":"https:\/\/agency-assist.vn\/parts\/","title":{"rendered":"Gi\u1edbi thi\u1ec7u \u0111\u01a1n h\u00e0ng"},"content":{"rendered":"\t\t<div data-elementor-type=\"wp-page\" data-elementor-id=\"67\" class=\"elementor elementor-67\" data-elementor-post-type=\"page\">\n\t\t\t\t\t\t<section class=\"elementor-section elementor-top-section elementor-element elementor-element-8e16a78 elementor-section-boxed elementor-section-height-default elementor-section-height-default\" data-id=\"8e16a78\" data-element_type=\"section\" data-e-type=\"section\">\n\t\t\t\t\t\t<div class=\"elementor-container elementor-column-gap-default\">\n\t\t\t\t\t<div class=\"elementor-column elementor-col-100 elementor-top-column elementor-element elementor-element-890aa9e\" data-id=\"890aa9e\" data-element_type=\"column\" data-e-type=\"column\">\n\t\t\t<div class=\"elementor-widget-wrap elementor-element-populated\">\n\t\t\t\t\t\t<div class=\"elementor-element elementor-element-66d48fd elementor-widget elementor-widget-heading\" data-id=\"66d48fd\" data-element_type=\"widget\" data-e-type=\"widget\" data-widget_type=\"heading.default\">\n\t\t\t\t<div class=\"elementor-widget-container\">\n\t\t\t\t\t<h1 class=\"elementor-heading-title elementor-size-default\">Gi\u1edbi thi\u1ec7u \u0111\u01a1n h\u00e0ng<\/h1>\t\t\t\t<\/div>\n\t\t\t\t<\/div>\n\t\t\t\t\t<\/div>\n\t\t<\/div>\n\t\t\t\t\t<\/div>\n\t\t<\/section>\n\t\t\t\t<section class=\"elementor-section elementor-top-section elementor-element elementor-element-5a1013b elementor-section-boxed elementor-section-height-default elementor-section-height-default\" data-id=\"5a1013b\" data-element_type=\"section\" data-e-type=\"section\">\n\t\t\t\t\t\t<div class=\"elementor-container elementor-column-gap-default\">\n\t\t\t\t\t<div class=\"elementor-column elementor-col-100 elementor-top-column elementor-element elementor-element-15dfe6b\" data-id=\"15dfe6b\" data-element_type=\"column\" data-e-type=\"column\">\n\t\t\t<div class=\"elementor-widget-wrap elementor-element-populated\">\n\t\t\t\t\t\t<div class=\"elementor-element elementor-element-903e35b elementor-widget elementor-widget-text-editor\" data-id=\"903e35b\" data-element_type=\"widget\" data-e-type=\"widget\" data-widget_type=\"text-editor.default\">\n\t\t\t\t<div class=\"elementor-widget-container\">\n\t\t\t\t\t\t\t\t\t<p>C\u00f4ng ty qu\u00ed v\u1ecb c\u00f3 nh\u1eefng th\u1ebf m\u1ea1nh n\u00e0o? H\u00f4m nay ch\u00fang t\u00f4i s\u1ebd g\u1eedi \u0111\u1ebfn qu\u00ed v\u1ecb nh\u1eefng m\u1eb7t h\u00e0ng m\u00e0 ch\u00fang t\u00f4i \u0111ang t\u00ecm ki\u1ebfm \u0111\u1ed1i t\u00e1c gia c\u00f4ng. N\u1ebfu qu\u00ed v\u1ecb c\u00f3 kh\u1ea3 n\u0103ng cung c\u1ea5p, xin h\u00e3y vui l\u00f2ng li\u00ean h\u1ec7 v\u1edbi ch\u00fang t\u00f4i. H\u00e3y c\u00f9ng ch\u00fang t\u00f4i h\u1ee3p t\u00e1c v\u00e0 \u0111\u01b0a s\u1ea3n ph\u1ea9m \u0111\u1ebfn th\u1ecb tr\u01b0\u1eddng Nh\u1eadt B\u1ea3n.<\/p>\t\t\t\t\t\t\t\t<\/div>\n\t\t\t\t<\/div>\n\t\t\t\t\t<\/div>\n\t\t<\/div>\n\t\t\t\t\t<\/div>\n\t\t<\/section>\n\t\t\t\t<section class=\"elementor-section elementor-top-section elementor-element elementor-element-6db0262 elementor-section-boxed elementor-section-height-default elementor-section-height-default\" data-id=\"6db0262\" data-element_type=\"section\" data-e-type=\"section\">\n\t\t\t\t\t\t<div class=\"elementor-container elementor-column-gap-default\">\n\t\t\t\t\t<div class=\"elementor-column elementor-col-100 elementor-top-column elementor-element elementor-element-bde5f2e\" data-id=\"bde5f2e\" data-element_type=\"column\" data-e-type=\"column\">\n\t\t\t<div class=\"elementor-widget-wrap elementor-element-populated\">\n\t\t\t\t\t\t<div class=\"elementor-element elementor-element-0f63f1b elementor-grid-3 elementor-grid-tablet-2 elementor-grid-mobile-1 elementor-posts--thumbnail-top elementor-widget elementor-widget-posts\" data-id=\"0f63f1b\" data-element_type=\"widget\" data-e-type=\"widget\" data-settings=\"{&quot;pagination_type&quot;:&quot;numbers_and_prev_next&quot;,&quot;classic_columns&quot;:&quot;3&quot;,&quot;classic_columns_tablet&quot;:&quot;2&quot;,&quot;classic_columns_mobile&quot;:&quot;1&quot;,&quot;classic_row_gap&quot;:{&quot;unit&quot;:&quot;px&quot;,&quot;size&quot;:35,&quot;sizes&quot;:[]},&quot;classic_row_gap_tablet&quot;:{&quot;unit&quot;:&quot;px&quot;,&quot;size&quot;:&quot;&quot;,&quot;sizes&quot;:[]},&quot;classic_row_gap_mobile&quot;:{&quot;unit&quot;:&quot;px&quot;,&quot;size&quot;:&quot;&quot;,&quot;sizes&quot;:[]}}\" data-widget_type=\"posts.classic\">\n\t\t\t\t<div class=\"elementor-widget-container\">\n\t\t\t\t\t\t\t<div class=\"elementor-posts-container elementor-posts elementor-posts--skin-classic elementor-grid\" role=\"list\">\n\t\t\t\t<article class=\"elementor-post elementor-grid-item post-1806 parts type-parts status-publish has-post-thumbnail hentry\" role=\"listitem\">\n\t\t\t\t<a class=\"elementor-post__thumbnail__link\" href=\"https:\/\/agency-assist.vn\/parts\/parts\/vo-boc-truoc-reinforcement-front\/\" tabindex=\"-1\" >\n\t\t\t<div class=\"elementor-post__thumbnail\"><img fetchpriority=\"high\" decoding=\"async\" width=\"212\" height=\"300\" src=\"https:\/\/agency-assist.vn\/parts\/wp-content\/uploads\/2023\/02\/MKP12-010-00-212x300.jpg\" class=\"attachment-medium size-medium wp-image-1807\" alt=\"V\u1ecf b\u1ecdc tr\u01b0\u1edbc (Reinforcement front)\" srcset=\"https:\/\/agency-assist.vn\/parts\/wp-content\/uploads\/2023\/02\/MKP12-010-00-212x300.jpg 212w, https:\/\/agency-assist.vn\/parts\/wp-content\/uploads\/2023\/02\/MKP12-010-00-724x1024.jpg 724w, https:\/\/agency-assist.vn\/parts\/wp-content\/uploads\/2023\/02\/MKP12-010-00-768x1087.jpg 768w, https:\/\/agency-assist.vn\/parts\/wp-content\/uploads\/2023\/02\/MKP12-010-00-1086x1536.jpg 1086w, https:\/\/agency-assist.vn\/parts\/wp-content\/uploads\/2023\/02\/MKP12-010-00-1447x2048.jpg 1447w, https:\/\/agency-assist.vn\/parts\/wp-content\/uploads\/2023\/02\/MKP12-010-00-scaled.jpg 1809w\" sizes=\"(max-width: 212px) 100vw, 212px\" \/><\/div>\n\t\t<\/a>\n\t\t\t\t<div class=\"elementor-post__text\">\n\t\t\t\t<h3 class=\"elementor-post__title\">\n\t\t\t<a href=\"https:\/\/agency-assist.vn\/parts\/parts\/vo-boc-truoc-reinforcement-front\/\" >\n\t\t\t\tV\u1ecf b\u1ecdc tr\u01b0\u1edbc (Reinforcement front)\t\t\t<\/a>\n\t\t<\/h3>\n\t\t\t\t<\/div>\n\t\t\t\t<\/article>\n\t\t\t\t<article class=\"elementor-post elementor-grid-item post-1798 parts type-parts status-publish has-post-thumbnail hentry\" role=\"listitem\">\n\t\t\t\t<a class=\"elementor-post__thumbnail__link\" href=\"https:\/\/agency-assist.vn\/parts\/parts\/tam-ben-phai-side-board-right\/\" tabindex=\"-1\" >\n\t\t\t<div class=\"elementor-post__thumbnail\"><img decoding=\"async\" width=\"212\" height=\"300\" src=\"https:\/\/agency-assist.vn\/parts\/wp-content\/uploads\/2023\/02\/MKP12-001-00-212x300.jpg\" class=\"attachment-medium size-medium wp-image-1799\" alt=\"\" srcset=\"https:\/\/agency-assist.vn\/parts\/wp-content\/uploads\/2023\/02\/MKP12-001-00-212x300.jpg 212w, https:\/\/agency-assist.vn\/parts\/wp-content\/uploads\/2023\/02\/MKP12-001-00-724x1024.jpg 724w, https:\/\/agency-assist.vn\/parts\/wp-content\/uploads\/2023\/02\/MKP12-001-00-768x1087.jpg 768w, https:\/\/agency-assist.vn\/parts\/wp-content\/uploads\/2023\/02\/MKP12-001-00-1086x1536.jpg 1086w, https:\/\/agency-assist.vn\/parts\/wp-content\/uploads\/2023\/02\/MKP12-001-00-1447x2048.jpg 1447w, https:\/\/agency-assist.vn\/parts\/wp-content\/uploads\/2023\/02\/MKP12-001-00-scaled.jpg 1809w\" sizes=\"(max-width: 212px) 100vw, 212px\" \/><\/div>\n\t\t<\/a>\n\t\t\t\t<div class=\"elementor-post__text\">\n\t\t\t\t<h3 class=\"elementor-post__title\">\n\t\t\t<a href=\"https:\/\/agency-assist.vn\/parts\/parts\/tam-ben-phai-side-board-right\/\" >\n\t\t\t\tT\u1ea5m b\u00ean ph\u1ea3i (Side board right)\t\t\t<\/a>\n\t\t<\/h3>\n\t\t\t\t<\/div>\n\t\t\t\t<\/article>\n\t\t\t\t<article class=\"elementor-post elementor-grid-item post-1828 parts type-parts status-publish has-post-thumbnail hentry\" role=\"listitem\">\n\t\t\t\t<a class=\"elementor-post__thumbnail__link\" href=\"https:\/\/agency-assist.vn\/parts\/parts\/do-ga-phia-duoi-attachment\/\" tabindex=\"-1\" >\n\t\t\t<div class=\"elementor-post__thumbnail\"><img decoding=\"async\" width=\"212\" height=\"300\" src=\"https:\/\/agency-assist.vn\/parts\/wp-content\/uploads\/2023\/02\/MKP12-036-00-212x300.jpg\" class=\"attachment-medium size-medium wp-image-1829\" alt=\"\u0110\u1ed3 g\u00e1 (ph\u00eda d\u01b0\u1edbi) (Attachment)\" srcset=\"https:\/\/agency-assist.vn\/parts\/wp-content\/uploads\/2023\/02\/MKP12-036-00-212x300.jpg 212w, https:\/\/agency-assist.vn\/parts\/wp-content\/uploads\/2023\/02\/MKP12-036-00-724x1024.jpg 724w, https:\/\/agency-assist.vn\/parts\/wp-content\/uploads\/2023\/02\/MKP12-036-00-768x1087.jpg 768w, https:\/\/agency-assist.vn\/parts\/wp-content\/uploads\/2023\/02\/MKP12-036-00-1086x1536.jpg 1086w, https:\/\/agency-assist.vn\/parts\/wp-content\/uploads\/2023\/02\/MKP12-036-00-1447x2048.jpg 1447w, https:\/\/agency-assist.vn\/parts\/wp-content\/uploads\/2023\/02\/MKP12-036-00-scaled.jpg 1809w\" sizes=\"(max-width: 212px) 100vw, 212px\" \/><\/div>\n\t\t<\/a>\n\t\t\t\t<div class=\"elementor-post__text\">\n\t\t\t\t<h3 class=\"elementor-post__title\">\n\t\t\t<a href=\"https:\/\/agency-assist.vn\/parts\/parts\/do-ga-phia-duoi-attachment\/\" >\n\t\t\t\t\u0110\u1ed3 g\u00e1 (ph\u00eda d\u01b0\u1edbi) (Attachment)\t\t\t<\/a>\n\t\t<\/h3>\n\t\t\t\t<\/div>\n\t\t\t\t<\/article>\n\t\t\t\t<article class=\"elementor-post elementor-grid-item post-1825 parts type-parts status-publish has-post-thumbnail hentry\" role=\"listitem\">\n\t\t\t\t<a class=\"elementor-post__thumbnail__link\" href=\"https:\/\/agency-assist.vn\/parts\/parts\/chot-van-press-fit-pin\/\" tabindex=\"-1\" >\n\t\t\t<div class=\"elementor-post__thumbnail\"><img loading=\"lazy\" decoding=\"async\" width=\"212\" height=\"300\" src=\"https:\/\/agency-assist.vn\/parts\/wp-content\/uploads\/2023\/02\/MKP12-027-00-212x300.jpg\" class=\"attachment-medium size-medium wp-image-1826\" alt=\"Ch\u1ed1t v\u1eb7n (Press fit pin)\" srcset=\"https:\/\/agency-assist.vn\/parts\/wp-content\/uploads\/2023\/02\/MKP12-027-00-212x300.jpg 212w, https:\/\/agency-assist.vn\/parts\/wp-content\/uploads\/2023\/02\/MKP12-027-00-724x1024.jpg 724w, https:\/\/agency-assist.vn\/parts\/wp-content\/uploads\/2023\/02\/MKP12-027-00-768x1087.jpg 768w, https:\/\/agency-assist.vn\/parts\/wp-content\/uploads\/2023\/02\/MKP12-027-00-1086x1536.jpg 1086w, https:\/\/agency-assist.vn\/parts\/wp-content\/uploads\/2023\/02\/MKP12-027-00-1447x2048.jpg 1447w, https:\/\/agency-assist.vn\/parts\/wp-content\/uploads\/2023\/02\/MKP12-027-00-scaled.jpg 1809w\" sizes=\"(max-width: 212px) 100vw, 212px\" \/><\/div>\n\t\t<\/a>\n\t\t\t\t<div class=\"elementor-post__text\">\n\t\t\t\t<h3 class=\"elementor-post__title\">\n\t\t\t<a href=\"https:\/\/agency-assist.vn\/parts\/parts\/chot-van-press-fit-pin\/\" >\n\t\t\t\tCh\u1ed1t v\u1eb7n (Press fit pin)\t\t\t<\/a>\n\t\t<\/h3>\n\t\t\t\t<\/div>\n\t\t\t\t<\/article>\n\t\t\t\t<article class=\"elementor-post elementor-grid-item post-1821 parts type-parts status-publish has-post-thumbnail hentry\" role=\"listitem\">\n\t\t\t\t<a class=\"elementor-post__thumbnail__link\" href=\"https:\/\/agency-assist.vn\/parts\/parts\/pull-back-bracket\/\" tabindex=\"-1\" >\n\t\t\t<div class=\"elementor-post__thumbnail\"><img loading=\"lazy\" decoding=\"async\" width=\"212\" height=\"300\" src=\"https:\/\/agency-assist.vn\/parts\/wp-content\/uploads\/2023\/02\/MKP12-026-00-212x300.jpg\" class=\"attachment-medium size-medium wp-image-1822\" alt=\"\" srcset=\"https:\/\/agency-assist.vn\/parts\/wp-content\/uploads\/2023\/02\/MKP12-026-00-212x300.jpg 212w, https:\/\/agency-assist.vn\/parts\/wp-content\/uploads\/2023\/02\/MKP12-026-00-724x1024.jpg 724w, https:\/\/agency-assist.vn\/parts\/wp-content\/uploads\/2023\/02\/MKP12-026-00-768x1087.jpg 768w, https:\/\/agency-assist.vn\/parts\/wp-content\/uploads\/2023\/02\/MKP12-026-00-1086x1536.jpg 1086w, https:\/\/agency-assist.vn\/parts\/wp-content\/uploads\/2023\/02\/MKP12-026-00-1447x2048.jpg 1447w, https:\/\/agency-assist.vn\/parts\/wp-content\/uploads\/2023\/02\/MKP12-026-00-scaled.jpg 1809w\" sizes=\"(max-width: 212px) 100vw, 212px\" \/><\/div>\n\t\t<\/a>\n\t\t\t\t<div class=\"elementor-post__text\">\n\t\t\t\t<h3 class=\"elementor-post__title\">\n\t\t\t<a href=\"https:\/\/agency-assist.vn\/parts\/parts\/pull-back-bracket\/\" >\n\t\t\t\tPull-back bracket\t\t\t<\/a>\n\t\t<\/h3>\n\t\t\t\t<\/div>\n\t\t\t\t<\/article>\n\t\t\t\t<article class=\"elementor-post elementor-grid-item post-1817 parts type-parts status-publish has-post-thumbnail hentry\" role=\"listitem\">\n\t\t\t\t<a class=\"elementor-post__thumbnail__link\" href=\"https:\/\/agency-assist.vn\/parts\/parts\/fixed-block\/\" tabindex=\"-1\" >\n\t\t\t<div class=\"elementor-post__thumbnail\"><img loading=\"lazy\" decoding=\"async\" width=\"212\" height=\"300\" src=\"https:\/\/agency-assist.vn\/parts\/wp-content\/uploads\/2023\/02\/MKP12-021-00-212x300.jpg\" class=\"attachment-medium size-medium wp-image-1818\" alt=\"Fixed block\" srcset=\"https:\/\/agency-assist.vn\/parts\/wp-content\/uploads\/2023\/02\/MKP12-021-00-212x300.jpg 212w, https:\/\/agency-assist.vn\/parts\/wp-content\/uploads\/2023\/02\/MKP12-021-00-724x1024.jpg 724w, https:\/\/agency-assist.vn\/parts\/wp-content\/uploads\/2023\/02\/MKP12-021-00-768x1087.jpg 768w, https:\/\/agency-assist.vn\/parts\/wp-content\/uploads\/2023\/02\/MKP12-021-00-1086x1536.jpg 1086w, https:\/\/agency-assist.vn\/parts\/wp-content\/uploads\/2023\/02\/MKP12-021-00-1447x2048.jpg 1447w, https:\/\/agency-assist.vn\/parts\/wp-content\/uploads\/2023\/02\/MKP12-021-00-scaled.jpg 1809w\" sizes=\"(max-width: 212px) 100vw, 212px\" \/><\/div>\n\t\t<\/a>\n\t\t\t\t<div class=\"elementor-post__text\">\n\t\t\t\t<h3 class=\"elementor-post__title\">\n\t\t\t<a href=\"https:\/\/agency-assist.vn\/parts\/parts\/fixed-block\/\" >\n\t\t\t\tFixed block\t\t\t<\/a>\n\t\t<\/h3>\n\t\t\t\t<\/div>\n\t\t\t\t<\/article>\n\t\t\t\t<article class=\"elementor-post elementor-grid-item post-1814 parts type-parts status-publish has-post-thumbnail hentry\" role=\"listitem\">\n\t\t\t\t<a class=\"elementor-post__thumbnail__link\" href=\"https:\/\/agency-assist.vn\/parts\/parts\/16-link-left\/\" tabindex=\"-1\" >\n\t\t\t<div class=\"elementor-post__thumbnail\"><img loading=\"lazy\" decoding=\"async\" width=\"212\" height=\"300\" src=\"https:\/\/agency-assist.vn\/parts\/wp-content\/uploads\/2023\/02\/MKP12-013-00-212x300.jpg\" class=\"attachment-medium size-medium wp-image-1815\" alt=\"\" srcset=\"https:\/\/agency-assist.vn\/parts\/wp-content\/uploads\/2023\/02\/MKP12-013-00-212x300.jpg 212w, https:\/\/agency-assist.vn\/parts\/wp-content\/uploads\/2023\/02\/MKP12-013-00-724x1024.jpg 724w, https:\/\/agency-assist.vn\/parts\/wp-content\/uploads\/2023\/02\/MKP12-013-00-768x1087.jpg 768w, https:\/\/agency-assist.vn\/parts\/wp-content\/uploads\/2023\/02\/MKP12-013-00-1086x1536.jpg 1086w, https:\/\/agency-assist.vn\/parts\/wp-content\/uploads\/2023\/02\/MKP12-013-00-1447x2048.jpg 1447w, https:\/\/agency-assist.vn\/parts\/wp-content\/uploads\/2023\/02\/MKP12-013-00-scaled.jpg 1809w\" sizes=\"(max-width: 212px) 100vw, 212px\" \/><\/div>\n\t\t<\/a>\n\t\t\t\t<div class=\"elementor-post__text\">\n\t\t\t\t<h3 class=\"elementor-post__title\">\n\t\t\t<a href=\"https:\/\/agency-assist.vn\/parts\/parts\/16-link-left\/\" >\n\t\t\t\t16 link left\t\t\t<\/a>\n\t\t<\/h3>\n\t\t\t\t<\/div>\n\t\t\t\t<\/article>\n\t\t\t\t<article class=\"elementor-post elementor-grid-item post-1810 parts type-parts status-publish has-post-thumbnail hentry\" role=\"listitem\">\n\t\t\t\t<a class=\"elementor-post__thumbnail__link\" href=\"https:\/\/agency-assist.vn\/parts\/parts\/ban-le-tren-hinge-top\/\" tabindex=\"-1\" >\n\t\t\t<div class=\"elementor-post__thumbnail\"><img loading=\"lazy\" decoding=\"async\" width=\"212\" height=\"300\" src=\"https:\/\/agency-assist.vn\/parts\/wp-content\/uploads\/2023\/02\/MKP12-011-00-212x300.jpg\" class=\"attachment-medium size-medium wp-image-1811\" alt=\"B\u1ea3n l\u1ec1 tr\u00ean (Hinge top)\" srcset=\"https:\/\/agency-assist.vn\/parts\/wp-content\/uploads\/2023\/02\/MKP12-011-00-212x300.jpg 212w, https:\/\/agency-assist.vn\/parts\/wp-content\/uploads\/2023\/02\/MKP12-011-00-724x1024.jpg 724w, https:\/\/agency-assist.vn\/parts\/wp-content\/uploads\/2023\/02\/MKP12-011-00-768x1087.jpg 768w, https:\/\/agency-assist.vn\/parts\/wp-content\/uploads\/2023\/02\/MKP12-011-00-1086x1536.jpg 1086w, https:\/\/agency-assist.vn\/parts\/wp-content\/uploads\/2023\/02\/MKP12-011-00-1447x2048.jpg 1447w, https:\/\/agency-assist.vn\/parts\/wp-content\/uploads\/2023\/02\/MKP12-011-00-scaled.jpg 1809w\" sizes=\"(max-width: 212px) 100vw, 212px\" \/><\/div>\n\t\t<\/a>\n\t\t\t\t<div class=\"elementor-post__text\">\n\t\t\t\t<h3 class=\"elementor-post__title\">\n\t\t\t<a href=\"https:\/\/agency-assist.vn\/parts\/parts\/ban-le-tren-hinge-top\/\" >\n\t\t\t\tB\u1ea3n l\u1ec1 tr\u00ean (Hinge top)\t\t\t<\/a>\n\t\t<\/h3>\n\t\t\t\t<\/div>\n\t\t\t\t<\/article>\n\t\t\t\t<article class=\"elementor-post elementor-grid-item post-1801 parts type-parts status-publish has-post-thumbnail hentry\" role=\"listitem\">\n\t\t\t\t<a class=\"elementor-post__thumbnail__link\" href=\"https:\/\/agency-assist.vn\/parts\/parts\/khung-sus-sus-frame\/\" tabindex=\"-1\" >\n\t\t\t<div class=\"elementor-post__thumbnail\"><img loading=\"lazy\" decoding=\"async\" width=\"212\" height=\"300\" src=\"https:\/\/agency-assist.vn\/parts\/wp-content\/uploads\/2023\/02\/MKP12-004-00-212x300.jpg\" class=\"attachment-medium size-medium wp-image-1805\" alt=\"Khung SUS ( SUS frame)\" srcset=\"https:\/\/agency-assist.vn\/parts\/wp-content\/uploads\/2023\/02\/MKP12-004-00-212x300.jpg 212w, https:\/\/agency-assist.vn\/parts\/wp-content\/uploads\/2023\/02\/MKP12-004-00-724x1024.jpg 724w, https:\/\/agency-assist.vn\/parts\/wp-content\/uploads\/2023\/02\/MKP12-004-00-768x1087.jpg 768w, https:\/\/agency-assist.vn\/parts\/wp-content\/uploads\/2023\/02\/MKP12-004-00-1086x1536.jpg 1086w, https:\/\/agency-assist.vn\/parts\/wp-content\/uploads\/2023\/02\/MKP12-004-00-1447x2048.jpg 1447w, https:\/\/agency-assist.vn\/parts\/wp-content\/uploads\/2023\/02\/MKP12-004-00-scaled.jpg 1809w\" sizes=\"(max-width: 212px) 100vw, 212px\" \/><\/div>\n\t\t<\/a>\n\t\t\t\t<div class=\"elementor-post__text\">\n\t\t\t\t<h3 class=\"elementor-post__title\">\n\t\t\t<a href=\"https:\/\/agency-assist.vn\/parts\/parts\/khung-sus-sus-frame\/\" >\n\t\t\t\tKhung SUS ( SUS frame)\t\t\t<\/a>\n\t\t<\/h3>\n\t\t\t\t<\/div>\n\t\t\t\t<\/article>\n\t\t\t\t<\/div>\n\t\t\n\t\t\t\t<div class=\"e-load-more-anchor\" data-page=\"1\" data-max-page=\"2\" data-next-page=\"https:\/\/agency-assist.vn\/parts\/wp-json\/wp\/v2\/pages\/67\/page\/2\/\"><\/div>\n\t\t\t\t<nav class=\"elementor-pagination\" aria-label=\"Pagination\">\n\t\t\t<span class=\"page-numbers prev\">&laquo; Previous<\/span>\n<span aria-current=\"page\" class=\"page-numbers current\"><span class=\"elementor-screen-only\">\u30da\u30fc\u30b8<\/span>1<\/span>\n<a class=\"page-numbers\" href=\"https:\/\/agency-assist.vn\/parts\/wp-json\/wp\/v2\/pages\/67\/page\/2\/\"><span class=\"elementor-screen-only\">\u30da\u30fc\u30b8<\/span>2<\/a>\n<a class=\"page-numbers next\" href=\"https:\/\/agency-assist.vn\/parts\/wp-json\/wp\/v2\/pages\/67\/page\/2\/\">Next &raquo;<\/a>\t\t<\/nav>\n\t\t\t\t\t\t<\/div>\n\t\t\t\t<\/div>\n\t\t\t\t\t<\/div>\n\t\t<\/div>\n\t\t\t\t\t<\/div>\n\t\t<\/section>\n\t\t\t\t<section class=\"elementor-section elementor-top-section elementor-element elementor-element-b70cc6f elementor-section-boxed elementor-section-height-default elementor-section-height-default\" data-id=\"b70cc6f\" data-element_type=\"section\" data-e-type=\"section\">\n\t\t\t\t\t\t<div class=\"elementor-container elementor-column-gap-default\">\n\t\t\t\t\t<div class=\"elementor-column elementor-col-100 elementor-top-column elementor-element elementor-element-348ed13\" data-id=\"348ed13\" data-element_type=\"column\" data-e-type=\"column\">\n\t\t\t<div class=\"elementor-widget-wrap elementor-element-populated\">\n\t\t\t\t\t\t<div class=\"elementor-element elementor-element-66819b0 elementor-align-justify elementor-widget elementor-widget-button\" data-id=\"66819b0\" data-element_type=\"widget\" data-e-type=\"widget\" data-widget_type=\"button.default\">\n\t\t\t\t<div class=\"elementor-widget-container\">\n\t\t\t\t\t\t\t\t\t<div class=\"elementor-button-wrapper\">\n\t\t\t\t\t<a class=\"elementor-button elementor-button-link elementor-size-xl\" href=\"https:\/\/partner.agency-assist.vn\/supplier\/application\/\">\n\t\t\t\t\t\t<span class=\"elementor-button-content-wrapper\">\n\t\t\t\t\t\t\t\t\t<span class=\"elementor-button-text\">Y\u00eau c\u1ea7u \u0111\u1ec3 tr\u1edf th\u00e0nh \u0111\u1ed1i t\u00e1c c\u1ee7a ch\u00fang t\u00f4i t\u1ea1i \u0111\u00e2y.<\/span>\n\t\t\t\t\t<\/span>\n\t\t\t\t\t<\/a>\n\t\t\t\t<\/div>\n\t\t\t\t\t\t\t\t<\/div>\n\t\t\t\t<\/div>\n\t\t\t\t\t<\/div>\n\t\t<\/div>\n\t\t\t\t\t<\/div>\n\t\t<\/section>\n\t\t\t\t<section class=\"elementor-section elementor-top-section elementor-element elementor-element-831aaef elementor-section-boxed elementor-section-height-default elementor-section-height-default\" data-id=\"831aaef\" data-element_type=\"section\" data-e-type=\"section\">\n\t\t\t\t\t\t<div class=\"elementor-container elementor-column-gap-default\">\n\t\t\t\t\t<div class=\"elementor-column elementor-col-100 elementor-top-column elementor-element elementor-element-43fc9a2\" data-id=\"43fc9a2\" data-element_type=\"column\" data-e-type=\"column\">\n\t\t\t<div class=\"elementor-widget-wrap elementor-element-populated\">\n\t\t\t\t\t\t<div class=\"elementor-element elementor-element-1f94d89 elementor-widget elementor-widget-text-editor\" data-id=\"1f94d89\" data-element_type=\"widget\" data-e-type=\"widget\" data-widget_type=\"text-editor.default\">\n\t\t\t\t<div class=\"elementor-widget-container\">\n\t\t\t\t\t\t\t\t\t<p>Ngo\u00e0i nh\u1eefng S\u1ea3n ph\u1ea9m m\u00e0 ch\u00fang t\u00f4i \u0111\u00e3 \u0111\u0103ng b\u00ean tr\u00ean, ch\u00fang t\u00f4i c\u00f2n r\u1ea5t nhi\u1ec1u m\u1eb7t h\u00e0ng kh\u00e1c. Th\u00f4ng tin lu\u00f4n lu\u00f4n \u0111\u01b0\u1ee3c c\u1eadp nh\u1eadt m\u1edbi cho n\u00ean qu\u00ed v\u1ecb h\u00e3y ti\u1ebfp t\u1ee5c theo d\u00f5i nh\u00e9. Nh\u1eefng \u0111i\u1ec1u ki\u1ec7n y\u00eau c\u1ea7u v\u1ec1 S\u1ea3n ph\u1ea9m b\u00ean tr\u00ean l\u00e0 nh\u1eefng \u0111i\u1ec1u ki\u1ec7n \u0111\u01b0\u1ee3c d\u00f9ng \u0111\u1ec3 ki\u1ec3m tra s\u1ea3n ph\u1ea9m n\u00ean qu\u00ed v\u1ecb c\u1ea7n ch\u00fa \u00fd l\u00e0 s\u1ebd kh\u00f4ng c\u00f3 \u0111i\u1ec1u ki\u1ec7n ngo\u1ea1i l\u1ec7 kh\u00e1c.<\/p>\t\t\t\t\t\t\t\t<\/div>\n\t\t\t\t<\/div>\n\t\t\t\t\t<\/div>\n\t\t<\/div>\n\t\t\t\t\t<\/div>\n\t\t<\/section>\n\t\t\t\t<\/div>\n\t\t","protected":false},"excerpt":{"rendered":"<p>Gi\u1edbi thi\u1ec7u \u0111\u01a1n h\u00e0ng C\u00f4ng <\/p>\n","protected":false},"author":1,"featured_media":0,"parent":0,"menu_order":1,"comment_status":"closed","ping_status":"closed","template":"","meta":{"_acf_changed":false,"footnotes":""},"class_list":["post-67","page","type-page","status-publish","hentry"],"acf":[],"_links":{"self":[{"href":"https:\/\/agency-assist.vn\/parts\/wp-json\/wp\/v2\/pages\/67","targetHints":{"allow":["GET"]}}],"collection":[{"href":"https:\/\/agency-assist.vn\/parts\/wp-json\/wp\/v2\/pages"}],"about":[{"href":"https:\/\/agency-assist.vn\/parts\/wp-json\/wp\/v2\/types\/page"}],"author":[{"embeddable":true,"href":"https:\/\/agency-assist.vn\/parts\/wp-json\/wp\/v2\/users\/1"}],"replies":[{"embeddable":true,"href":"https:\/\/agency-assist.vn\/parts\/wp-json\/wp\/v2\/comments?post=67"}],"version-history":[{"count":56,"href":"https:\/\/agency-assist.vn\/parts\/wp-json\/wp\/v2\/pages\/67\/revisions"}],"predecessor-version":[{"id":1795,"href":"https:\/\/agency-assist.vn\/parts\/wp-json\/wp\/v2\/pages\/67\/revisions\/1795"}],"wp:attachment":[{"href":"https:\/\/agency-assist.vn\/parts\/wp-json\/wp\/v2\/media?parent=67"}],"curies":[{"name":"wp","href":"https:\/\/api.w.org\/{rel}","templated":true}]}}